{"id":11674,"date":"2025-07-13T01:09:09","date_gmt":"2025-07-12T23:09:09","guid":{"rendered":"https:\/\/koehlergalerie.de\/?page_id=11674"},"modified":"2026-02-09T02:07:00","modified_gmt":"2026-02-09T01:07:00","slug":"natur","status":"publish","type":"page","link":"https:\/\/koehlergalerie.de\/?page_id=11674","title":{"rendered":"Natur"},"content":{"rendered":"\n<div class=\"wp-block-group alignfull is-horizontal is-content-justification-center is-layout-flex wp-container-core-group-is-layout-2b1260eb wp-block-group-is-layout-flex\" style=\"padding-top:var(--wp--preset--spacing--body-margin);padding-right:var(--wp--preset--spacing--body-margin);padding-bottom:var(--wp--preset--spacing--body-margin);padding-left:var(--wp--preset--spacing--body-margin)\"><div class=\"pgc-sgb-cb wp-block-pgcsimplygalleryblock-grid \" data-gallery-id=\"77b96531\"><div class=\"sgb-preloader\" id=\"pr_77b96531\">\n\t<div class=\"sgb-square\" style=\"background:#d4d4d4\"><\/div>\n\t<div class=\"sgb-square\" style=\"background:#d4d4d4\"><\/div>\n\t<div class=\"sgb-square\" style=\"background:#d4d4d4\"><\/div>\n\t<div class=\"sgb-square\" style=\"background:#d4d4d4\"><\/div><\/div><div class=\"simply-gallery-amp pgc_sgb_slider \"><noscript><div class=\"sgb-gallery\"><div class=\"sgb-item\"><a href=\"https:\/\/koehlergalerie.de\/?attachment_id=10491\" target=\"_blank\"><img loading=\"lazy\" decoding=\"async\" alt=\"Gem\u00e4lde einer K\u00fcstenlandschaft in Blau und Gelb, semi-abstraktes Gem\u00e4lde, Komplement\u00e4rfarben, Nachtszenenmalerei, Hell-Dunkel, Impressionismus, Panorama\" width=\"1000\" height=\"750\" loading=\"lazy\" src=\"https:\/\/koehlergalerie.de\/wp-content\/uploads\/2021\/01\/Studiowohnung-Wiz-104-scaled-e1611076213327.jpg\" srcset=\",https:\/\/koehlergalerie.de\/wp-content\/uploads\/2021\/01\/Studiowohnung-Wiz-104-scaled-e1611076213327.jpg 1000w\" sizes=\"auto, 250px\"\/><\/a><div class=\"sgb-item-caption\"><em>Amalfi<\/em><\/div><\/div><div class=\"sgb-item\"><a href=\"https:\/\/koehlergalerie.de\/?attachment_id=10490\" target=\"_blank\"><img loading=\"lazy\" decoding=\"async\" alt=\"\" width=\"300\" height=\"237\" loading=\"lazy\" src=\"https:\/\/koehlergalerie.de\/wp-content\/uploads\/2021\/01\/P1012690-300x237.jpg\" srcset=\"https:\/\/koehlergalerie.de\/wp-content\/uploads\/2021\/01\/P1012690-300x237.jpg 300w,https:\/\/koehlergalerie.de\/wp-content\/uploads\/2021\/01\/P1012690-1024x809.jpg 1024w,https:\/\/koehlergalerie.de\/wp-content\/uploads\/2021\/01\/P1012690-scaled.jpg 2560w\" sizes=\"auto, 250px\"\/><\/a><div class=\"sgb-item-caption\"><em>OLYMPUS DIGITAL CAMERA<\/em><\/div><\/div><div class=\"sgb-item\"><a href=\"https:\/\/koehlergalerie.de\/?attachment_id=10484\" target=\"_blank\"><img loading=\"lazy\" decoding=\"async\" alt=\"See II\" width=\"300\" height=\"300\" loading=\"lazy\" src=\"https:\/\/koehlergalerie.de\/wp-content\/uploads\/2021\/01\/IMG_0240-1bearbeitet-300x300.jpg\" srcset=\"https:\/\/koehlergalerie.de\/wp-content\/uploads\/2021\/01\/IMG_0240-1bearbeitet-300x300.jpg 300w,https:\/\/koehlergalerie.de\/wp-content\/uploads\/2021\/01\/IMG_0240-1bearbeitet-1024x1024.jpg 1024w,https:\/\/koehlergalerie.de\/wp-content\/uploads\/2021\/01\/IMG_0240-1bearbeitet.jpg 2054w\" sizes=\"auto, 250px\"\/><\/a><div class=\"sgb-item-caption\"><em>See II<\/em><\/div><\/div><div class=\"sgb-item\"><a href=\"https:\/\/koehlergalerie.de\/?attachment_id=10482\" target=\"_blank\"><img loading=\"lazy\" decoding=\"async\" alt=\"Wald I\" width=\"241\" height=\"300\" loading=\"lazy\" src=\"https:\/\/koehlergalerie.de\/wp-content\/uploads\/2021\/01\/DSC_1379-241x300.jpg\" srcset=\"https:\/\/koehlergalerie.de\/wp-content\/uploads\/2021\/01\/DSC_1379-241x300.jpg 241w,https:\/\/koehlergalerie.de\/wp-content\/uploads\/2021\/01\/DSC_1379-822x1024.jpg 822w,https:\/\/koehlergalerie.de\/wp-content\/uploads\/2021\/01\/DSC_1379-scaled.jpg 2055w\" sizes=\"auto, 250px\"\/><\/a><div class=\"sgb-item-caption\"><em>Wald I<\/em><\/div><\/div><div class=\"sgb-item\"><a href=\"https:\/\/koehlergalerie.de\/?attachment_id=10480\" target=\"_blank\"><img loading=\"lazy\" decoding=\"async\" alt=\"\" width=\"225\" height=\"300\" loading=\"lazy\" src=\"https:\/\/koehlergalerie.de\/wp-content\/uploads\/2021\/01\/DSC_1125-225x300.jpg\" srcset=\"https:\/\/koehlergalerie.de\/wp-content\/uploads\/2021\/01\/DSC_1125-225x300.jpg 225w,https:\/\/koehlergalerie.de\/wp-content\/uploads\/2021\/01\/DSC_1125-767x1024.jpg 767w,https:\/\/koehlergalerie.de\/wp-content\/uploads\/2021\/01\/DSC_1125.jpg 1110w\" sizes=\"auto, 250px\"\/><\/a><\/div><div class=\"sgb-item\"><a href=\"https:\/\/koehlergalerie.de\/?attachment_id=10477\" target=\"_blank\"><img loading=\"lazy\" decoding=\"async\" alt=\"\" width=\"232\" height=\"300\" loading=\"lazy\" src=\"https:\/\/koehlergalerie.de\/wp-content\/uploads\/2021\/01\/DSC_1080-232x300.jpg\" srcset=\"https:\/\/koehlergalerie.de\/wp-content\/uploads\/2021\/01\/DSC_1080-232x300.jpg 232w,https:\/\/koehlergalerie.de\/wp-content\/uploads\/2021\/01\/DSC_1080-792x1024.jpg 792w,https:\/\/koehlergalerie.de\/wp-content\/uploads\/2021\/01\/DSC_1080.jpg 1198w\" sizes=\"auto, 250px\"\/><\/a><div class=\"sgb-item-caption\"><em>Moor<\/em><\/div><\/div><div class=\"sgb-item\"><a href=\"https:\/\/koehlergalerie.de\/?attachment_id=10476\" target=\"_blank\"><img loading=\"lazy\" decoding=\"async\" alt=\"\" width=\"300\" height=\"243\" loading=\"lazy\" src=\"https:\/\/koehlergalerie.de\/wp-content\/uploads\/2021\/01\/DSC_1074-300x243.jpg\" srcset=\"https:\/\/koehlergalerie.de\/wp-content\/uploads\/2021\/01\/DSC_1074-300x243.jpg 300w,https:\/\/koehlergalerie.de\/wp-content\/uploads\/2021\/01\/DSC_1074-1024x828.jpg 1024w,https:\/\/koehlergalerie.de\/wp-content\/uploads\/2021\/01\/DSC_1074.jpg 1935w\" sizes=\"auto, 250px\"\/><\/a><\/div><div class=\"sgb-item\"><a href=\"https:\/\/koehlergalerie.de\/?attachment_id=10475\" target=\"_blank\"><img loading=\"lazy\" decoding=\"async\" alt=\"Fluss II\" width=\"300\" height=\"214\" loading=\"lazy\" src=\"https:\/\/koehlergalerie.de\/wp-content\/uploads\/2021\/01\/DSC_1066-300x214.jpg\" srcset=\"https:\/\/koehlergalerie.de\/wp-content\/uploads\/2021\/01\/DSC_1066-300x214.jpg 300w,https:\/\/koehlergalerie.de\/wp-content\/uploads\/2021\/01\/DSC_1066-1024x731.jpg 1024w,https:\/\/koehlergalerie.de\/wp-content\/uploads\/2021\/01\/DSC_1066.jpg 2406w\" sizes=\"auto, 250px\"\/><\/a><div class=\"sgb-item-caption\"><em>Fluss II<\/em><\/div><\/div><div class=\"sgb-item\"><a href=\"https:\/\/koehlergalerie.de\/?attachment_id=10473\" target=\"_blank\"><img loading=\"lazy\" decoding=\"async\" alt=\"\" width=\"216\" height=\"300\" loading=\"lazy\" src=\"https:\/\/koehlergalerie.de\/wp-content\/uploads\/2021\/01\/DSC_1043-216x300.jpg\" srcset=\"https:\/\/koehlergalerie.de\/wp-content\/uploads\/2021\/01\/DSC_1043-216x300.jpg 216w,https:\/\/koehlergalerie.de\/wp-content\/uploads\/2021\/01\/DSC_1043-737x1024.jpg 737w,https:\/\/koehlergalerie.de\/wp-content\/uploads\/2021\/01\/DSC_1043.jpg 1678w\" sizes=\"auto, 250px\"\/><\/a><\/div><div class=\"sgb-item\"><a href=\"https:\/\/koehlergalerie.de\/?attachment_id=10464\" target=\"_blank\"><img loading=\"lazy\" decoding=\"async\" alt=\"\" width=\"300\" height=\"148\" loading=\"lazy\" src=\"https:\/\/koehlergalerie.de\/wp-content\/uploads\/2021\/01\/DSC_0543-300x148.jpg\" srcset=\"https:\/\/koehlergalerie.de\/wp-content\/uploads\/2021\/01\/DSC_0543-300x148.jpg 300w,https:\/\/koehlergalerie.de\/wp-content\/uploads\/2021\/01\/DSC_0543-1024x505.jpg 1024w,https:\/\/koehlergalerie.de\/wp-content\/uploads\/2021\/01\/DSC_0543-scaled.jpg 2560w\" sizes=\"auto, 250px\"\/><\/a><\/div><div class=\"sgb-item\"><a href=\"https:\/\/koehlergalerie.de\/?attachment_id=10462\" target=\"_blank\"><img loading=\"lazy\" decoding=\"async\" alt=\"Fluss I\" width=\"236\" height=\"300\" loading=\"lazy\" src=\"https:\/\/koehlergalerie.de\/wp-content\/uploads\/2021\/01\/DSC_0473-236x300.jpg\" srcset=\"https:\/\/koehlergalerie.de\/wp-content\/uploads\/2021\/01\/DSC_0473-236x300.jpg 236w,https:\/\/koehlergalerie.de\/wp-content\/uploads\/2021\/01\/DSC_0473-806x1024.jpg 806w,https:\/\/koehlergalerie.de\/wp-content\/uploads\/2021\/01\/DSC_0473-scaled.jpg 2015w\" sizes=\"auto, 250px\"\/><\/a><div class=\"sgb-item-caption\"><em>Fluss I<\/em><\/div><\/div><div class=\"sgb-item\"><a href=\"https:\/\/koehlergalerie.de\/?attachment_id=10461\" target=\"_blank\"><img loading=\"lazy\" decoding=\"async\" alt=\"\" width=\"297\" height=\"300\" loading=\"lazy\" src=\"https:\/\/koehlergalerie.de\/wp-content\/uploads\/2021\/01\/DSC_0472-297x300.jpg\" srcset=\"https:\/\/koehlergalerie.de\/wp-content\/uploads\/2021\/01\/DSC_0472-297x300.jpg 297w,https:\/\/koehlergalerie.de\/wp-content\/uploads\/2021\/01\/DSC_0472-1014x1024.jpg 1014w,https:\/\/koehlergalerie.de\/wp-content\/uploads\/2021\/01\/DSC_0472-scaled.jpg 2534w\" sizes=\"auto, 250px\"\/><\/a><\/div><\/div><\/noscript><\/div><script type=\"application\/json\" class=\"sgb-data\">{\"collectionColumns\":4,\"collectionThumbRecomendedWidth\":250,\"thumbSpacing\":10,\"thumbMobileSpacing\":10,\"externalLinkTextColor\":\"rgba(0,0,0,0.89)\",\"captionHAlign\":\"bottom\",\"collectionthumbHoverTitleFontSize\":10,\"collectionthumbHoverTitleTextBgColor\":\"rgba(0,0,0,0)\",\"collectionThumbSubMenuDownload\":false,\"galleryType\":\"pgc_sgb_grid\",\"galleryId\":\"77b96531\",\"images\":[{\"id\":10491,\"title\":\"Amalfi\",\"url\":\"https:\/\/koehlergalerie.de\/wp-content\/uploads\/2021\/01\/Studiowohnung-Wiz-104-scaled-e1611076213327.jpg\",\"link\":\"https:\/\/koehlergalerie.de\/?attachment_id=10491\",\"alt\":\"Gem\u00e4lde einer K\u00fcstenlandschaft in Blau und Gelb, semi-abstraktes Gem\u00e4lde, Komplement\u00e4rfarben, Nachtszenenmalerei, Hell-Dunkel, Impressionismus, Panorama\",\"description\":\"\u00d6l auf Leinwand | 2010 | 100 x 80 cm | 1.950,00 \u20ac\\n\\n\",\"caption\":\"Amalfi\",\"mime\":\"image\/jpeg\",\"type\":\"image\",\"width\":1000,\"height\":750,\"sizes\":{\"full\":{\"url\":\"https:\/\/koehlergalerie.de\/wp-content\/uploads\/2021\/01\/Studiowohnung-Wiz-104-scaled-e1611076213327.jpg\",\"height\":750,\"width\":1000,\"orientation\":\"landscape\"}},\"imageMeta\":{\"aperture\":\"0\",\"credit\":\"\",\"camera\":\"\",\"caption\":\"\",\"created_timestamp\":\"0\",\"copyright\":\"\",\"focal_length\":\"0\",\"iso\":\"0\",\"shutter_speed\":\"0\",\"title\":\"\",\"orientation\":\"0\",\"keywords\":[]},\"meta\":false,\"postlink\":\"https:\/\/koehlergalerie.de\/?attachment_id=10491\"},{\"id\":10490,\"title\":\"OLYMPUS DIGITAL CAMERA\",\"url\":\"https:\/\/koehlergalerie.de\/wp-content\/uploads\/2021\/01\/P1012690-scaled.jpg\",\"link\":\"https:\/\/koehlergalerie.de\/?attachment_id=10490\",\"alt\":\"\",\"description\":\"\",\"caption\":\"OLYMPUS DIGITAL CAMERA\",\"mime\":\"image\/jpeg\",\"type\":\"image\",\"width\":2560,\"height\":2024,\"sizes\":{\"thumbnail\":{\"height\":150,\"width\":150,\"url\":\"https:\/\/koehlergalerie.de\/wp-content\/uploads\/2021\/01\/P1012690-150x150.jpg\",\"orientation\":\"landscape\"},\"medium\":{\"height\":237,\"width\":300,\"url\":\"https:\/\/koehlergalerie.de\/wp-content\/uploads\/2021\/01\/P1012690-300x237.jpg\",\"orientation\":\"landscape\"},\"large\":{\"height\":809,\"width\":1024,\"url\":\"https:\/\/koehlergalerie.de\/wp-content\/uploads\/2021\/01\/P1012690-1024x809.jpg\",\"orientation\":\"landscape\"},\"full\":{\"url\":\"https:\/\/koehlergalerie.de\/wp-content\/uploads\/2021\/01\/P1012690-scaled.jpg\",\"height\":2024,\"width\":2560,\"orientation\":\"landscape\"}},\"imageMeta\":{\"aperture\":\"0\",\"credit\":\"\",\"camera\":\"\",\"caption\":\"\",\"created_timestamp\":\"0\",\"copyright\":\"\",\"focal_length\":\"0\",\"iso\":\"0\",\"shutter_speed\":\"0\",\"title\":\"\",\"orientation\":\"0\",\"keywords\":[]},\"meta\":false,\"postlink\":\"https:\/\/koehlergalerie.de\/?attachment_id=10490\"},{\"id\":10484,\"title\":\"See II\",\"url\":\"https:\/\/koehlergalerie.de\/wp-content\/uploads\/2021\/01\/IMG_0240-1bearbeitet.jpg\",\"link\":\"https:\/\/koehlergalerie.de\/?attachment_id=10484\",\"alt\":\"See II\",\"description\":\"See II\",\"caption\":\"See II\",\"mime\":\"image\/jpeg\",\"type\":\"image\",\"width\":2054,\"height\":2054,\"sizes\":{\"thumbnail\":{\"height\":150,\"width\":150,\"url\":\"https:\/\/koehlergalerie.de\/wp-content\/uploads\/2021\/01\/IMG_0240-1bearbeitet-150x150.jpg\",\"orientation\":\"landscape\"},\"medium\":{\"height\":300,\"width\":300,\"url\":\"https:\/\/koehlergalerie.de\/wp-content\/uploads\/2021\/01\/IMG_0240-1bearbeitet-300x300.jpg\",\"orientation\":\"landscape\"},\"large\":{\"height\":1024,\"width\":1024,\"url\":\"https:\/\/koehlergalerie.de\/wp-content\/uploads\/2021\/01\/IMG_0240-1bearbeitet-1024x1024.jpg\",\"orientation\":\"landscape\"},\"full\":{\"url\":\"https:\/\/koehlergalerie.de\/wp-content\/uploads\/2021\/01\/IMG_0240-1bearbeitet.jpg\",\"height\":2054,\"width\":2054,\"orientation\":\"landscape\"}},\"imageMeta\":{\"aperture\":\"2.2\",\"credit\":\"\",\"camera\":\"iPhone 5s\",\"caption\":\"\",\"created_timestamp\":\"1442668284\",\"copyright\":\"\",\"focal_length\":\"4.15\",\"iso\":\"64\",\"shutter_speed\":\"0.03030303030303\",\"title\":\"\",\"orientation\":\"0\",\"keywords\":[]},\"meta\":false,\"postlink\":\"https:\/\/koehlergalerie.de\/?attachment_id=10484\"},{\"id\":10482,\"title\":\"Wald I\",\"url\":\"https:\/\/koehlergalerie.de\/wp-content\/uploads\/2021\/01\/DSC_1379-scaled.jpg\",\"link\":\"https:\/\/koehlergalerie.de\/?attachment_id=10482\",\"alt\":\"Wald I\",\"description\":\"Wald I\",\"caption\":\"Wald I\",\"mime\":\"image\/jpeg\",\"type\":\"image\",\"width\":2055,\"height\":2560,\"sizes\":{\"thumbnail\":{\"height\":150,\"width\":150,\"url\":\"https:\/\/koehlergalerie.de\/wp-content\/uploads\/2021\/01\/DSC_1379-150x150.jpg\",\"orientation\":\"landscape\"},\"medium\":{\"height\":300,\"width\":241,\"url\":\"https:\/\/koehlergalerie.de\/wp-content\/uploads\/2021\/01\/DSC_1379-241x300.jpg\",\"orientation\":\"portrait\"},\"large\":{\"height\":1024,\"width\":822,\"url\":\"https:\/\/koehlergalerie.de\/wp-content\/uploads\/2021\/01\/DSC_1379-822x1024.jpg\",\"orientation\":\"portrait\"},\"full\":{\"url\":\"https:\/\/koehlergalerie.de\/wp-content\/uploads\/2021\/01\/DSC_1379-scaled.jpg\",\"height\":2560,\"width\":2055,\"orientation\":\"portrait\"}},\"imageMeta\":{\"aperture\":\"0\",\"credit\":\"\",\"camera\":\"\",\"caption\":\"\",\"created_timestamp\":\"0\",\"copyright\":\"\",\"focal_length\":\"0\",\"iso\":\"0\",\"shutter_speed\":\"0\",\"title\":\"\",\"orientation\":\"0\",\"keywords\":[]},\"meta\":false,\"postlink\":\"https:\/\/koehlergalerie.de\/?attachment_id=10482\"},{\"id\":10480,\"title\":\"DSC_1125\",\"url\":\"https:\/\/koehlergalerie.de\/wp-content\/uploads\/2021\/01\/DSC_1125.jpg\",\"link\":\"https:\/\/koehlergalerie.de\/?attachment_id=10480\",\"alt\":\"\",\"description\":\"\",\"caption\":\"\",\"mime\":\"image\/jpeg\",\"type\":\"image\",\"width\":1110,\"height\":1482,\"sizes\":{\"thumbnail\":{\"height\":150,\"width\":150,\"url\":\"https:\/\/koehlergalerie.de\/wp-content\/uploads\/2021\/01\/DSC_1125-150x150.jpg\",\"orientation\":\"landscape\"},\"medium\":{\"height\":300,\"width\":225,\"url\":\"https:\/\/koehlergalerie.de\/wp-content\/uploads\/2021\/01\/DSC_1125-225x300.jpg\",\"orientation\":\"portrait\"},\"large\":{\"height\":1024,\"width\":767,\"url\":\"https:\/\/koehlergalerie.de\/wp-content\/uploads\/2021\/01\/DSC_1125-767x1024.jpg\",\"orientation\":\"portrait\"},\"full\":{\"url\":\"https:\/\/koehlergalerie.de\/wp-content\/uploads\/2021\/01\/DSC_1125.jpg\",\"height\":1482,\"width\":1110,\"orientation\":\"portrait\"}},\"imageMeta\":{\"aperture\":\"5\",\"credit\":\"\",\"camera\":\"NIKON D3300\",\"caption\":\"\",\"created_timestamp\":\"1602253914\",\"copyright\":\"\",\"focal_length\":\"18\",\"iso\":\"800\",\"shutter_speed\":\"0.01\",\"title\":\"\",\"orientation\":\"1\",\"keywords\":[]},\"meta\":false,\"postlink\":\"https:\/\/koehlergalerie.de\/?attachment_id=10480\"},{\"id\":10477,\"title\":\"DSC_1080\",\"url\":\"https:\/\/koehlergalerie.de\/wp-content\/uploads\/2021\/01\/DSC_1080.jpg\",\"link\":\"https:\/\/koehlergalerie.de\/?attachment_id=10477\",\"alt\":\"\",\"description\":\"\",\"caption\":\"Moor\",\"mime\":\"image\/jpeg\",\"type\":\"image\",\"width\":1198,\"height\":1548,\"sizes\":{\"thumbnail\":{\"height\":150,\"width\":150,\"url\":\"https:\/\/koehlergalerie.de\/wp-content\/uploads\/2021\/01\/DSC_1080-150x150.jpg\",\"orientation\":\"landscape\"},\"medium\":{\"height\":300,\"width\":232,\"url\":\"https:\/\/koehlergalerie.de\/wp-content\/uploads\/2021\/01\/DSC_1080-232x300.jpg\",\"orientation\":\"portrait\"},\"large\":{\"height\":1024,\"width\":792,\"url\":\"https:\/\/koehlergalerie.de\/wp-content\/uploads\/2021\/01\/DSC_1080-792x1024.jpg\",\"orientation\":\"portrait\"},\"full\":{\"url\":\"https:\/\/koehlergalerie.de\/wp-content\/uploads\/2021\/01\/DSC_1080.jpg\",\"height\":1548,\"width\":1198,\"orientation\":\"portrait\"}},\"imageMeta\":{\"aperture\":\"5\",\"credit\":\"\",\"camera\":\"NIKON D3300\",\"caption\":\"\",\"created_timestamp\":\"1600156087\",\"copyright\":\"\",\"focal_length\":\"18\",\"iso\":\"800\",\"shutter_speed\":\"0.01\",\"title\":\"\",\"orientation\":\"1\",\"keywords\":[]},\"meta\":false,\"postlink\":\"https:\/\/koehlergalerie.de\/?attachment_id=10477\"},{\"id\":10476,\"title\":\"DSC_1074\",\"url\":\"https:\/\/koehlergalerie.de\/wp-content\/uploads\/2021\/01\/DSC_1074.jpg\",\"link\":\"https:\/\/koehlergalerie.de\/?attachment_id=10476\",\"alt\":\"\",\"description\":\"\",\"caption\":\"\",\"mime\":\"image\/jpeg\",\"type\":\"image\",\"width\":1935,\"height\":1565,\"sizes\":{\"thumbnail\":{\"height\":150,\"width\":150,\"url\":\"https:\/\/koehlergalerie.de\/wp-content\/uploads\/2021\/01\/DSC_1074-150x150.jpg\",\"orientation\":\"landscape\"},\"medium\":{\"height\":243,\"width\":300,\"url\":\"https:\/\/koehlergalerie.de\/wp-content\/uploads\/2021\/01\/DSC_1074-300x243.jpg\",\"orientation\":\"landscape\"},\"large\":{\"height\":828,\"width\":1024,\"url\":\"https:\/\/koehlergalerie.de\/wp-content\/uploads\/2021\/01\/DSC_1074-1024x828.jpg\",\"orientation\":\"landscape\"},\"full\":{\"url\":\"https:\/\/koehlergalerie.de\/wp-content\/uploads\/2021\/01\/DSC_1074.jpg\",\"height\":1565,\"width\":1935,\"orientation\":\"landscape\"}},\"imageMeta\":{\"aperture\":\"4\",\"credit\":\"\",\"camera\":\"NIKON D3300\",\"caption\":\"\",\"created_timestamp\":\"1600155796\",\"copyright\":\"\",\"focal_length\":\"18\",\"iso\":\"800\",\"shutter_speed\":\"0.016666666666667\",\"title\":\"\",\"orientation\":\"1\",\"keywords\":[]},\"meta\":false,\"postlink\":\"https:\/\/koehlergalerie.de\/?attachment_id=10476\"},{\"id\":10475,\"title\":\"Fluss II\",\"url\":\"https:\/\/koehlergalerie.de\/wp-content\/uploads\/2021\/01\/DSC_1066.jpg\",\"link\":\"https:\/\/koehlergalerie.de\/?attachment_id=10475\",\"alt\":\"Fluss II\",\"description\":\"Fluss II\",\"caption\":\"Fluss II\",\"mime\":\"image\/jpeg\",\"type\":\"image\",\"width\":2406,\"height\":1718,\"sizes\":{\"thumbnail\":{\"height\":150,\"width\":150,\"url\":\"https:\/\/koehlergalerie.de\/wp-content\/uploads\/2021\/01\/DSC_1066-150x150.jpg\",\"orientation\":\"landscape\"},\"medium\":{\"height\":214,\"width\":300,\"url\":\"https:\/\/koehlergalerie.de\/wp-content\/uploads\/2021\/01\/DSC_1066-300x214.jpg\",\"orientation\":\"landscape\"},\"large\":{\"height\":731,\"width\":1024,\"url\":\"https:\/\/koehlergalerie.de\/wp-content\/uploads\/2021\/01\/DSC_1066-1024x731.jpg\",\"orientation\":\"landscape\"},\"full\":{\"url\":\"https:\/\/koehlergalerie.de\/wp-content\/uploads\/2021\/01\/DSC_1066.jpg\",\"height\":1718,\"width\":2406,\"orientation\":\"landscape\"}},\"imageMeta\":{\"aperture\":\"4\",\"credit\":\"\",\"camera\":\"NIKON D3300\",\"caption\":\"\",\"created_timestamp\":\"1600155343\",\"copyright\":\"\",\"focal_length\":\"25\",\"iso\":\"800\",\"shutter_speed\":\"0.016666666666667\",\"title\":\"\",\"orientation\":\"1\",\"keywords\":[]},\"meta\":false,\"postlink\":\"https:\/\/koehlergalerie.de\/?attachment_id=10475\"},{\"id\":10473,\"title\":\"DSC_1043\",\"url\":\"https:\/\/koehlergalerie.de\/wp-content\/uploads\/2021\/01\/DSC_1043.jpg\",\"link\":\"https:\/\/koehlergalerie.de\/?attachment_id=10473\",\"alt\":\"\",\"description\":\"\",\"caption\":\"\",\"mime\":\"image\/jpeg\",\"type\":\"image\",\"width\":1678,\"height\":2333,\"sizes\":{\"thumbnail\":{\"height\":150,\"width\":150,\"url\":\"https:\/\/koehlergalerie.de\/wp-content\/uploads\/2021\/01\/DSC_1043-150x150.jpg\",\"orientation\":\"landscape\"},\"medium\":{\"height\":300,\"width\":216,\"url\":\"https:\/\/koehlergalerie.de\/wp-content\/uploads\/2021\/01\/DSC_1043-216x300.jpg\",\"orientation\":\"portrait\"},\"large\":{\"height\":1024,\"width\":737,\"url\":\"https:\/\/koehlergalerie.de\/wp-content\/uploads\/2021\/01\/DSC_1043-737x1024.jpg\",\"orientation\":\"portrait\"},\"full\":{\"url\":\"https:\/\/koehlergalerie.de\/wp-content\/uploads\/2021\/01\/DSC_1043.jpg\",\"height\":2333,\"width\":1678,\"orientation\":\"portrait\"}},\"imageMeta\":{\"aperture\":\"4.8\",\"credit\":\"\",\"camera\":\"NIKON D3300\",\"caption\":\"\",\"created_timestamp\":\"1598537328\",\"copyright\":\"\",\"focal_length\":\"38\",\"iso\":\"400\",\"shutter_speed\":\"0.0125\",\"title\":\"\",\"orientation\":\"1\",\"keywords\":[]},\"meta\":false,\"postlink\":\"https:\/\/koehlergalerie.de\/?attachment_id=10473\"},{\"id\":10464,\"title\":\"DSC_0543\",\"url\":\"https:\/\/koehlergalerie.de\/wp-content\/uploads\/2021\/01\/DSC_0543-scaled.jpg\",\"link\":\"https:\/\/koehlergalerie.de\/?attachment_id=10464\",\"alt\":\"\",\"description\":\"\",\"caption\":\"\",\"mime\":\"image\/jpeg\",\"type\":\"image\",\"width\":2560,\"height\":1261,\"sizes\":{\"thumbnail\":{\"height\":150,\"width\":150,\"url\":\"https:\/\/koehlergalerie.de\/wp-content\/uploads\/2021\/01\/DSC_0543-150x150.jpg\",\"orientation\":\"landscape\"},\"medium\":{\"height\":148,\"width\":300,\"url\":\"https:\/\/koehlergalerie.de\/wp-content\/uploads\/2021\/01\/DSC_0543-300x148.jpg\",\"orientation\":\"landscape\"},\"large\":{\"height\":505,\"width\":1024,\"url\":\"https:\/\/koehlergalerie.de\/wp-content\/uploads\/2021\/01\/DSC_0543-1024x505.jpg\",\"orientation\":\"landscape\"},\"full\":{\"url\":\"https:\/\/koehlergalerie.de\/wp-content\/uploads\/2021\/01\/DSC_0543-scaled.jpg\",\"height\":1261,\"width\":2560,\"orientation\":\"landscape\"}},\"imageMeta\":{\"aperture\":\"0\",\"credit\":\"\",\"camera\":\"\",\"caption\":\"\",\"created_timestamp\":\"0\",\"copyright\":\"\",\"focal_length\":\"0\",\"iso\":\"0\",\"shutter_speed\":\"0\",\"title\":\"\",\"orientation\":\"0\",\"keywords\":[]},\"meta\":false,\"postlink\":\"https:\/\/koehlergalerie.de\/?attachment_id=10464\"},{\"id\":10462,\"title\":\"Fluss I\",\"url\":\"https:\/\/koehlergalerie.de\/wp-content\/uploads\/2021\/01\/DSC_0473-scaled.jpg\",\"link\":\"https:\/\/koehlergalerie.de\/?attachment_id=10462\",\"alt\":\"Fluss I\",\"description\":\"Fluss I\",\"caption\":\"Fluss I\",\"mime\":\"image\/jpeg\",\"type\":\"image\",\"width\":2015,\"height\":2560,\"sizes\":{\"thumbnail\":{\"height\":150,\"width\":150,\"url\":\"https:\/\/koehlergalerie.de\/wp-content\/uploads\/2021\/01\/DSC_0473-150x150.jpg\",\"orientation\":\"landscape\"},\"medium\":{\"height\":300,\"width\":236,\"url\":\"https:\/\/koehlergalerie.de\/wp-content\/uploads\/2021\/01\/DSC_0473-236x300.jpg\",\"orientation\":\"portrait\"},\"large\":{\"height\":1024,\"width\":806,\"url\":\"https:\/\/koehlergalerie.de\/wp-content\/uploads\/2021\/01\/DSC_0473-806x1024.jpg\",\"orientation\":\"portrait\"},\"full\":{\"url\":\"https:\/\/koehlergalerie.de\/wp-content\/uploads\/2021\/01\/DSC_0473-scaled.jpg\",\"height\":2560,\"width\":2015,\"orientation\":\"portrait\"}},\"imageMeta\":{\"aperture\":\"0\",\"credit\":\"\",\"camera\":\"\",\"caption\":\"\",\"created_timestamp\":\"0\",\"copyright\":\"\",\"focal_length\":\"0\",\"iso\":\"0\",\"shutter_speed\":\"0\",\"title\":\"\",\"orientation\":\"0\",\"keywords\":[]},\"meta\":false,\"postlink\":\"https:\/\/koehlergalerie.de\/?attachment_id=10462\"},{\"id\":10461,\"title\":\"DSC_0472\",\"url\":\"https:\/\/koehlergalerie.de\/wp-content\/uploads\/2021\/01\/DSC_0472-scaled.jpg\",\"link\":\"https:\/\/koehlergalerie.de\/?attachment_id=10461\",\"alt\":\"\",\"description\":\"\",\"caption\":\"\",\"mime\":\"image\/jpeg\",\"type\":\"image\",\"width\":2534,\"height\":2560,\"sizes\":{\"thumbnail\":{\"height\":150,\"width\":150,\"url\":\"https:\/\/koehlergalerie.de\/wp-content\/uploads\/2021\/01\/DSC_0472-150x150.jpg\",\"orientation\":\"landscape\"},\"medium\":{\"height\":300,\"width\":297,\"url\":\"https:\/\/koehlergalerie.de\/wp-content\/uploads\/2021\/01\/DSC_0472-297x300.jpg\",\"orientation\":\"portrait\"},\"large\":{\"height\":1024,\"width\":1014,\"url\":\"https:\/\/koehlergalerie.de\/wp-content\/uploads\/2021\/01\/DSC_0472-1014x1024.jpg\",\"orientation\":\"portrait\"},\"full\":{\"url\":\"https:\/\/koehlergalerie.de\/wp-content\/uploads\/2021\/01\/DSC_0472-scaled.jpg\",\"height\":2560,\"width\":2534,\"orientation\":\"portrait\"}},\"imageMeta\":{\"aperture\":\"0\",\"credit\":\"\",\"camera\":\"\",\"caption\":\"\",\"created_timestamp\":\"0\",\"copyright\":\"\",\"focal_length\":\"0\",\"iso\":\"0\",\"shutter_speed\":\"0\",\"title\":\"\",\"orientation\":\"0\",\"keywords\":[]},\"meta\":false,\"postlink\":\"https:\/\/koehlergalerie.de\/?attachment_id=10461\"}],\"orderBy\":\"id\",\"ordrerDirection\":\"-1\",\"shareFacebook\":false,\"shareTwitter\":false,\"sharePinterest\":false,\"sliderItemDownload\":false,\"shareCopyLink\":false,\"sliderBgColor\":\"rgba(76,76,76,1)\",\"itemsMetaDataCollection\":[]}<\/script><script>(function(){if(window.PGC_SGB && window.PGC_SGB.searcher){window.PGC_SGB.searcher.initBlocks()}})()<\/script><\/div><\/div>\n","protected":false},"excerpt":{"rendered":"","protected":false},"author":1,"featured_media":0,"parent":0,"menu_order":1,"comment_status":"closed","ping_status":"closed","template":"","meta":{"_acf_changed":false,"pgc_sgb_lightbox_settings":"","footnotes":""},"class_list":["post-11674","page","type-page","status-publish","hentry"],"acf":[],"aioseo_notices":[],"_links":{"self":[{"href":"https:\/\/koehlergalerie.de\/index.php?rest_route=\/wp\/v2\/pages\/11674","targetHints":{"allow":["GET"]}}],"collection":[{"href":"https:\/\/koehlergalerie.de\/index.php?rest_route=\/wp\/v2\/pages"}],"about":[{"href":"https:\/\/koehlergalerie.de\/index.php?rest_route=\/wp\/v2\/types\/page"}],"author":[{"embeddable":true,"href":"https:\/\/koehlergalerie.de\/index.php?rest_route=\/wp\/v2\/users\/1"}],"replies":[{"embeddable":true,"href":"https:\/\/koehlergalerie.de\/index.php?rest_route=%2Fwp%2Fv2%2Fcomments&post=11674"}],"version-history":[{"count":6,"href":"https:\/\/koehlergalerie.de\/index.php?rest_route=\/wp\/v2\/pages\/11674\/revisions"}],"predecessor-version":[{"id":11786,"href":"https:\/\/koehlergalerie.de\/index.php?rest_route=\/wp\/v2\/pages\/11674\/revisions\/11786"}],"wp:attachment":[{"href":"https:\/\/koehlergalerie.de\/index.php?rest_route=%2Fwp%2Fv2%2Fmedia&parent=11674"}],"curies":[{"name":"wp","href":"https:\/\/api.w.org\/{rel}","templated":true}]}}