{"id":11305,"date":"2024-01-26T00:19:06","date_gmt":"2024-01-25T23:19:06","guid":{"rendered":"https:\/\/koehlergalerie.de\/?page_id=11305"},"modified":"2024-01-26T00:19:57","modified_gmt":"2024-01-25T23:19:57","slug":"disclaimer","status":"publish","type":"page","link":"https:\/\/koehlergalerie.de\/?page_id=11305","title":{"rendered":"Disclaimer"},"content":{"rendered":"\t\t<div data-elementor-type=\"wp-post\" data-elementor-id=\"11305\" class=\"elementor elementor-11305\">\n\t\t\t\t\t\t<section class=\"elementor-section elementor-top-section elementor-element elementor-element-1911651 elementor-section-content-top elementor-section-stretched elementor-section-boxed elementor-section-height-default elementor-section-height-default\" data-id=\"1911651\" data-element_type=\"section\" data-e-type=\"section\" data-settings=\"{&quot;stretch_section&quot;:&quot;section-stretched&quot;}\">\n\t\t\t\t\t\t<div class=\"elementor-container elementor-column-gap-default\">\n\t\t\t\t\t<div class=\"elementor-column elementor-col-100 elementor-top-column elementor-element elementor-element-a7d526a\" data-id=\"a7d526a\" data-element_type=\"column\" data-e-type=\"column\">\n\t\t\t<div class=\"elementor-widget-wrap elementor-element-populated\">\n\t\t\t\t\t\t<div class=\"elementor-element elementor-element-b67adbc elementor-widget__width-initial elementor-widget elementor-widget-text-editor\" data-id=\"b67adbc\" data-element_type=\"widget\" data-e-type=\"widget\" data-widget_type=\"text-editor.default\">\n\t\t\t\t<div class=\"elementor-widget-container\">\n\t\t\t\t\t\t\t\t\t<p>DISCLAIMER<\/p><p>Alle Seiten und Inhalte auf www.koehlergalerie.de und www.atelierkoehler.de sind urheberrechtlich gesch\u00fctzt. S\u00e4mtliche Rechte sind vorbehalten. F\u00fcr die Verbreitung der Inhalte bedarf es einer schriftlichen Genehmigung. Dieses gilt auch f\u00fcr das Einbinden einzelner Seiten bzw. Elemente auf anderen Internetseiten, sowie die Aufnahme in elektronische Datenbanken und die Vervielf\u00e4ltigung auf CD-ROM oder DVD. Es wird keine Haftung f\u00fcr die Inhalte externer Links \u00fcbernommen. F\u00fcr die Inhalte der verlinkten Seiten sind ausschliesslich deren Betreiber verantwortlich.<\/p>\t\t\t\t\t\t\t\t<\/div>\n\t\t\t\t<\/div>\n\t\t\t\t\t<\/div>\n\t\t<\/div>\n\t\t\t\t\t<\/div>\n\t\t<\/section>\n\t\t\t\t<\/div>\n\t\t","protected":false},"excerpt":{"rendered":"<p>DISCLAIMER Alle Seiten und Inhalte auf www.koehlergalerie.de und www.atelierkoehler.de sind urheberrechtlich gesch\u00fctzt. S\u00e4mtliche Rechte sind vorbehalten. F\u00fcr die Verbreitung der Inhalte bedarf es einer schriftlichen Genehmigung. Dieses gilt auch f\u00fcr das Einbinden einzelner Seiten bzw. Elemente auf anderen Internetseiten, sowie die Aufnahme in elektronische Datenbanken und die Vervielf\u00e4ltigung auf CD-ROM oder DVD. Es wird keine [&hellip;]<\/p>\n","protected":false},"author":1,"featured_media":0,"parent":0,"menu_order":12,"comment_status":"closed","ping_status":"closed","template":"","meta":{"_acf_changed":false,"pgc_sgb_lightbox_settings":"","footnotes":""},"class_list":["post-11305","page","type-page","status-publish","hentry"],"acf":[],"aioseo_notices":[],"_links":{"self":[{"href":"https:\/\/koehlergalerie.de\/index.php?rest_route=\/wp\/v2\/pages\/11305","targetHints":{"allow":["GET"]}}],"collection":[{"href":"https:\/\/koehlergalerie.de\/index.php?rest_route=\/wp\/v2\/pages"}],"about":[{"href":"https:\/\/koehlergalerie.de\/index.php?rest_route=\/wp\/v2\/types\/page"}],"author":[{"embeddable":true,"href":"https:\/\/koehlergalerie.de\/index.php?rest_route=\/wp\/v2\/users\/1"}],"replies":[{"embeddable":true,"href":"https:\/\/koehlergalerie.de\/index.php?rest_route=%2Fwp%2Fv2%2Fcomments&post=11305"}],"version-history":[{"count":4,"href":"https:\/\/koehlergalerie.de\/index.php?rest_route=\/wp\/v2\/pages\/11305\/revisions"}],"predecessor-version":[{"id":11310,"href":"https:\/\/koehlergalerie.de\/index.php?rest_route=\/wp\/v2\/pages\/11305\/revisions\/11310"}],"wp:attachment":[{"href":"https:\/\/koehlergalerie.de\/index.php?rest_route=%2Fwp%2Fv2%2Fmedia&parent=11305"}],"curies":[{"name":"wp","href":"https:\/\/api.w.org\/{rel}","templated":true}]}}