{"id":11282,"date":"2024-01-26T00:09:07","date_gmt":"2024-01-25T23:09:07","guid":{"rendered":"https:\/\/koehlergalerie.de\/?page_id=11282"},"modified":"2026-02-09T01:26:18","modified_gmt":"2026-02-09T00:26:18","slug":"kontakt","status":"publish","type":"page","link":"https:\/\/koehlergalerie.de\/?page_id=11282","title":{"rendered":"Kontakt"},"content":{"rendered":"\t\t<div data-elementor-type=\"wp-post\" data-elementor-id=\"11282\" class=\"elementor elementor-11282\">\n\t\t\t\t\t\t<section class=\"elementor-section elementor-top-section elementor-element elementor-element-0782841 elementor-section-boxed elementor-section-height-default elementor-section-height-default\" data-id=\"0782841\" data-element_type=\"section\" data-e-type=\"section\">\n\t\t\t\t\t\t<div class=\"elementor-container elementor-column-gap-default\">\n\t\t\t\t\t<div class=\"elementor-column elementor-col-100 elementor-top-column elementor-element elementor-element-8acfecb\" data-id=\"8acfecb\" data-element_type=\"column\" data-e-type=\"column\">\n\t\t\t<div class=\"elementor-widget-wrap elementor-element-populated\">\n\t\t\t\t\t\t<div class=\"elementor-element elementor-element-ce080bd elementor-widget elementor-widget-text-editor\" data-id=\"ce080bd\" data-element_type=\"widget\" data-e-type=\"widget\" data-widget_type=\"text-editor.default\">\n\t\t\t\t<div class=\"elementor-widget-container\">\n\t\t\t\t\t\t\t\t\t<p>Wenn Sie Fragen zu den Gem\u00e4lden haben oder eine Kaufanfrage schicken m\u00f6chten, melden Sie sich bitte per Email oder telefonisch bei uns.<\/p><p>Atelier K\u00f6hler | Inh. Elzbieta K\u00f6hler<\/p><p>Ermschwerder Str. 13 | 37213 Witzenhausen | Deutschland<\/p><p>T +49 (0) 176 44572187 | M mail[at]koehlergalerie.de<\/p>\t\t\t\t\t\t\t\t<\/div>\n\t\t\t\t<\/div>\n\t\t\t\t\t<\/div>\n\t\t<\/div>\n\t\t\t\t\t<\/div>\n\t\t<\/section>\n\t\t\t\t<section class=\"elementor-section elementor-top-section elementor-element elementor-element-565c000 elementor-section-boxed elementor-section-height-default elementor-section-height-default\" data-id=\"565c000\" data-element_type=\"section\" data-e-type=\"section\">\n\t\t\t\t\t\t<div class=\"elementor-container elementor-column-gap-default\">\n\t\t\t\t\t<div class=\"elementor-column elementor-col-100 elementor-top-column elementor-element elementor-element-2f48456\" data-id=\"2f48456\" data-element_type=\"column\" data-e-type=\"column\">\n\t\t\t<div class=\"elementor-widget-wrap\">\n\t\t\t\t\t\t\t<\/div>\n\t\t<\/div>\n\t\t\t\t\t<\/div>\n\t\t<\/section>\n\t\t\t\t<section class=\"elementor-section elementor-top-section elementor-element elementor-element-6985d5b elementor-section-boxed elementor-section-height-default elementor-section-height-default\" data-id=\"6985d5b\" data-element_type=\"section\" data-e-type=\"section\">\n\t\t\t\t\t\t<div class=\"elementor-container elementor-column-gap-default\">\n\t\t\t\t\t<div class=\"elementor-column elementor-col-100 elementor-top-column elementor-element elementor-element-91c6239\" data-id=\"91c6239\" data-element_type=\"column\" data-e-type=\"column\">\n\t\t\t<div class=\"elementor-widget-wrap elementor-element-populated\">\n\t\t\t\t\t\t<div class=\"elementor-element elementor-element-0f7da98 elementor-widget elementor-widget-google_maps\" data-id=\"0f7da98\" data-element_type=\"widget\" data-e-type=\"widget\" data-widget_type=\"google_maps.default\">\n\t\t\t\t<div class=\"elementor-widget-container\">\n\t\t\t\t\t\t\t<div class=\"elementor-custom-embed\">\n\t\t\t<iframe loading=\"lazy\"\n\t\t\t\t\tsrc=\"https:\/\/maps.google.com\/maps?q=Witzenhausen%2C%20Ermschwerder%20Str.%2013&#038;t=m&#038;z=16&#038;output=embed&#038;iwloc=near\"\n\t\t\t\t\ttitle=\"Witzenhausen, Ermschwerder Str. 13\"\n\t\t\t\t\taria-label=\"Witzenhausen, Ermschwerder Str. 13\"\n\t\t\t><\/iframe>\n\t\t<\/div>\n\t\t\t\t\t\t<\/div>\n\t\t\t\t<\/div>\n\t\t\t\t\t<\/div>\n\t\t<\/div>\n\t\t\t\t\t<\/div>\n\t\t<\/section>\n\t\t\t\t<\/div>\n\t\t","protected":false},"excerpt":{"rendered":"<p>Wenn Sie Fragen zu den Gem\u00e4lden haben oder eine Kaufanfrage schicken m\u00f6chten, melden Sie sich bitte per Email oder telefonisch bei uns. Atelier K\u00f6hler | Inh. Elzbieta K\u00f6hler Ermschwerder Str. 13 | 37213 Witzenhausen | Deutschland T +49 (0) 176 44572187 | M mail[at]koehlergalerie.de<\/p>\n","protected":false},"author":1,"featured_media":0,"parent":0,"menu_order":10,"comment_status":"closed","ping_status":"closed","template":"","meta":{"_acf_changed":false,"pgc_sgb_lightbox_settings":"","footnotes":""},"class_list":["post-11282","page","type-page","status-publish","hentry"],"acf":[],"aioseo_notices":[],"_links":{"self":[{"href":"https:\/\/koehlergalerie.de\/index.php?rest_route=\/wp\/v2\/pages\/11282","targetHints":{"allow":["GET"]}}],"collection":[{"href":"https:\/\/koehlergalerie.de\/index.php?rest_route=\/wp\/v2\/pages"}],"about":[{"href":"https:\/\/koehlergalerie.de\/index.php?rest_route=\/wp\/v2\/types\/page"}],"author":[{"embeddable":true,"href":"https:\/\/koehlergalerie.de\/index.php?rest_route=\/wp\/v2\/users\/1"}],"replies":[{"embeddable":true,"href":"https:\/\/koehlergalerie.de\/index.php?rest_route=%2Fwp%2Fv2%2Fcomments&post=11282"}],"version-history":[{"count":16,"href":"https:\/\/koehlergalerie.de\/index.php?rest_route=\/wp\/v2\/pages\/11282\/revisions"}],"predecessor-version":[{"id":11767,"href":"https:\/\/koehlergalerie.de\/index.php?rest_route=\/wp\/v2\/pages\/11282\/revisions\/11767"}],"wp:attachment":[{"href":"https:\/\/koehlergalerie.de\/index.php?rest_route=%2Fwp%2Fv2%2Fmedia&parent=11282"}],"curies":[{"name":"wp","href":"https:\/\/api.w.org\/{rel}","templated":true}]}}